{"id":265873,"date":"2025-10-10T11:22:20","date_gmt":"2025-10-10T16:22:20","guid":{"rendered":"https:\/\/campus.langcom.org\/?post_type=product&#038;p=265873"},"modified":"2026-01-03T22:11:33","modified_gmt":"2026-01-04T03:11:33","slug":"basic-english-2-courses-a-month-private-classes","status":"publish","type":"product","link":"https:\/\/www.langcom.org\/pt\/basic-english-2-courses-a-month-private-classes\/","title":{"rendered":"Ingl\u00eas b\u00e1sico | 2 cursos por m\u00eas | Aulas particulares"},"content":{"rendered":"","protected":false},"excerpt":{"rendered":"<ul>\n<li>Tudo inclu\u00eddo, pagamento mensal \u00fanico<\/li>\n<li>Conclua o n\u00edvel b\u00e1sico em 6 meses<\/li>\n<li>Plataforma interativa GRATUITA, dispon\u00edvel 24 horas por dia, 7 dias por semana<\/li>\n<li>100% aulas comunicativas ao vivo<\/li>\n<li>M\u00ednimo de 4 alunos. M\u00e1ximo de 12.<\/li>\n<\/ul>","protected":false},"featured_media":257907,"comment_status":"closed","ping_status":"closed","template":"","meta":{"_et_pb_use_builder":"","_et_pb_old_content":"","_et_gb_content_width":""},"product_brand":[],"product_cat":[160],"product_tag":[],"class_list":{"0":"post-265873","1":"product","2":"type-product","3":"status-publish","4":"has-post-thumbnail","6":"product_cat-english-program","8":"first","9":"instock","10":"sale","11":"sold-individually","12":"shipping-taxable","13":"purchasable","14":"product-type-variable"},"dsm_author":{"name":null,"avatar_url":"https:\/\/secure.gravatar.com\/avatar\/?s=96&d=mm&r=g","archive_link":"https:\/\/www.langcom.org\/pt\/author\/","biodata":""},"dsm_categories":[],"dsm_attachment_categories":[],"dsm_featured_image":{"thumbnail":"https:\/\/cdn.langcom.org\/wp-content\/uploads\/2025\/04\/05230642\/Ingles-basico-para-adolescentes-jovenes-y-adultos-desde-los-12-anos-150x150.webp","medium":"https:\/\/cdn.langcom.org\/wp-content\/uploads\/2025\/04\/05230642\/Ingles-basico-para-adolescentes-jovenes-y-adultos-desde-los-12-anos-300x300.webp","medium_large":"https:\/\/cdn.langcom.org\/wp-content\/uploads\/2025\/04\/05230642\/Ingles-basico-para-adolescentes-jovenes-y-adultos-desde-los-12-anos-768x768.webp","large":"https:\/\/cdn.langcom.org\/wp-content\/uploads\/2025\/04\/05230642\/Ingles-basico-para-adolescentes-jovenes-y-adultos-desde-los-12-anos.webp","1536x1536":"https:\/\/cdn.langcom.org\/wp-content\/uploads\/2025\/04\/05230642\/Ingles-basico-para-adolescentes-jovenes-y-adultos-desde-los-12-anos.webp","2048x2048":"https:\/\/cdn.langcom.org\/wp-content\/uploads\/2025\/04\/05230642\/Ingles-basico-para-adolescentes-jovenes-y-adultos-desde-los-12-anos.webp","trp-custom-language-flag":"https:\/\/cdn.langcom.org\/wp-content\/uploads\/2025\/04\/05230642\/Ingles-basico-para-adolescentes-jovenes-y-adultos-desde-los-12-anos-12x12.webp","et-pb-post-main-image":"https:\/\/cdn.langcom.org\/wp-content\/uploads\/2025\/04\/05230642\/Ingles-basico-para-adolescentes-jovenes-y-adultos-desde-los-12-anos.webp","et-pb-post-main-image-fullwidth":"https:\/\/cdn.langcom.org\/wp-content\/uploads\/2025\/04\/05230642\/Ingles-basico-para-adolescentes-jovenes-y-adultos-desde-los-12-anos.webp","et-pb-portfolio-image":"https:\/\/cdn.langcom.org\/wp-content\/uploads\/2025\/04\/05230642\/Ingles-basico-para-adolescentes-jovenes-y-adultos-desde-los-12-anos.webp","et-pb-portfolio-module-image":"https:\/\/cdn.langcom.org\/wp-content\/uploads\/2025\/04\/05230642\/Ingles-basico-para-adolescentes-jovenes-y-adultos-desde-los-12-anos.webp","et-pb-portfolio-image-single":"https:\/\/cdn.langcom.org\/wp-content\/uploads\/2025\/04\/05230642\/Ingles-basico-para-adolescentes-jovenes-y-adultos-desde-los-12-anos.webp","et-pb-gallery-module-image-portrait":"https:\/\/cdn.langcom.org\/wp-content\/uploads\/2025\/04\/05230642\/Ingles-basico-para-adolescentes-jovenes-y-adultos-desde-los-12-anos.webp","et-pb-post-main-image-fullwidth-large":"https:\/\/cdn.langcom.org\/wp-content\/uploads\/2025\/04\/05230642\/Ingles-basico-para-adolescentes-jovenes-y-adultos-desde-los-12-anos.webp","et-pb-image--responsive--desktop":"https:\/\/cdn.langcom.org\/wp-content\/uploads\/2025\/04\/05230642\/Ingles-basico-para-adolescentes-jovenes-y-adultos-desde-los-12-anos.webp","et-pb-image--responsive--tablet":"https:\/\/cdn.langcom.org\/wp-content\/uploads\/2025\/04\/05230642\/Ingles-basico-para-adolescentes-jovenes-y-adultos-desde-los-12-anos.webp","et-pb-image--responsive--phone":"https:\/\/cdn.langcom.org\/wp-content\/uploads\/2025\/04\/05230642\/Ingles-basico-para-adolescentes-jovenes-y-adultos-desde-los-12-anos.webp","woocommerce_thumbnail":"https:\/\/cdn.langcom.org\/wp-content\/uploads\/2025\/04\/05230642\/Ingles-basico-para-adolescentes-jovenes-y-adultos-desde-los-12-anos-300x300.webp","woocommerce_single":"https:\/\/cdn.langcom.org\/wp-content\/uploads\/2025\/04\/05230642\/Ingles-basico-para-adolescentes-jovenes-y-adultos-desde-los-12-anos-600x600.webp","woocommerce_gallery_thumbnail":"https:\/\/cdn.langcom.org\/wp-content\/uploads\/2025\/04\/05230642\/Ingles-basico-para-adolescentes-jovenes-y-adultos-desde-los-12-anos-100x100.webp","full":"https:\/\/cdn.langcom.org\/wp-content\/uploads\/2025\/04\/05230642\/Ingles-basico-para-adolescentes-jovenes-y-adultos-desde-los-12-anos.webp"},"_links":{"self":[{"href":"https:\/\/www.langcom.org\/pt\/wp-json\/wp\/v2\/product\/265873","targetHints":{"allow":["GET"]}}],"collection":[{"href":"https:\/\/www.langcom.org\/pt\/wp-json\/wp\/v2\/product"}],"about":[{"href":"https:\/\/www.langcom.org\/pt\/wp-json\/wp\/v2\/types\/product"}],"replies":[{"embeddable":true,"href":"https:\/\/www.langcom.org\/pt\/wp-json\/wp\/v2\/comments?post=265873"}],"wp:featuredmedia":[{"embeddable":true,"href":"https:\/\/www.langcom.org\/pt\/wp-json\/wp\/v2\/media\/257907"}],"wp:attachment":[{"href":"https:\/\/www.langcom.org\/pt\/wp-json\/wp\/v2\/media?parent=265873"}],"wp:term":[{"taxonomy":"product_brand","embeddable":true,"href":"https:\/\/www.langcom.org\/pt\/wp-json\/wp\/v2\/product_brand?post=265873"},{"taxonomy":"product_cat","embeddable":true,"href":"https:\/\/www.langcom.org\/pt\/wp-json\/wp\/v2\/product_cat?post=265873"},{"taxonomy":"product_tag","embeddable":true,"href":"https:\/\/www.langcom.org\/pt\/wp-json\/wp\/v2\/product_tag?post=265873"}],"curies":[{"name":"wp","href":"https:\/\/api.w.org\/{rel}","templated":true}]}}