{"id":257060,"date":"2025-02-08T10:42:25","date_gmt":"2025-02-08T15:42:25","guid":{"rendered":"https:\/\/campus.langcom.org\/app\/?post_type=product&#038;p=257060"},"modified":"2025-07-02T18:17:09","modified_gmt":"2025-07-02T23:17:09","slug":"ingles-intermedio-06-grupal-online-1-curso-al-mes","status":"publish","type":"product","link":"https:\/\/www.langcom.org\/pt\/ingles-intermedio-06-grupal-online-1-curso-al-mes\/","title":{"rendered":"Ingl\u00eas Intermedi\u00e1rio 06 | Grupo on-line | 1 curso ao m\u00eas"},"content":{"rendered":"","protected":false},"excerpt":{"rendered":"","protected":false},"featured_media":254074,"comment_status":"open","ping_status":"closed","template":"","meta":{"_et_pb_use_builder":"","_et_pb_old_content":"","_et_gb_content_width":""},"product_brand":[],"product_cat":[153,255],"product_tag":[],"class_list":{"0":"post-257060","1":"product","2":"type-product","3":"status-publish","4":"has-post-thumbnail","6":"product_cat-english-for-young-people-and-adults","7":"product_cat-intermediate-english","9":"first","10":"instock","11":"sale","12":"shipping-taxable","13":"purchasable","14":"product-type-variable"},"dsm_author":{"name":null,"avatar_url":"https:\/\/secure.gravatar.com\/avatar\/?s=96&d=mm&r=g","archive_link":"https:\/\/www.langcom.org\/pt\/author\/","biodata":""},"dsm_categories":[],"dsm_attachment_categories":[],"dsm_featured_image":{"thumbnail":"https:\/\/cdn.langcom.org\/wp-content\/uploads\/2024\/09\/05230748\/Intermediate-English-06-150x150.webp","medium":"https:\/\/cdn.langcom.org\/wp-content\/uploads\/2024\/09\/05230748\/Intermediate-English-06-300x157.webp","medium_large":"https:\/\/cdn.langcom.org\/wp-content\/uploads\/2024\/09\/05230748\/Intermediate-English-06-768x402.webp","large":"https:\/\/cdn.langcom.org\/wp-content\/uploads\/2024\/09\/05230748\/Intermediate-English-06-1024x536.webp","1536x1536":"https:\/\/cdn.langcom.org\/wp-content\/uploads\/2024\/09\/05230748\/Intermediate-English-06.webp","2048x2048":"https:\/\/cdn.langcom.org\/wp-content\/uploads\/2024\/09\/05230748\/Intermediate-English-06.webp","trp-custom-language-flag":"https:\/\/cdn.langcom.org\/wp-content\/uploads\/2024\/09\/05230748\/Intermediate-English-06-18x9.webp","et-pb-post-main-image":"https:\/\/cdn.langcom.org\/wp-content\/uploads\/2024\/09\/05230748\/Intermediate-English-06.webp","et-pb-post-main-image-fullwidth":"https:\/\/cdn.langcom.org\/wp-content\/uploads\/2024\/09\/05230748\/Intermediate-English-06.webp","et-pb-portfolio-image":"https:\/\/cdn.langcom.org\/wp-content\/uploads\/2024\/09\/05230748\/Intermediate-English-06.webp","et-pb-portfolio-module-image":"https:\/\/cdn.langcom.org\/wp-content\/uploads\/2024\/09\/05230748\/Intermediate-English-06.webp","et-pb-portfolio-image-single":"https:\/\/cdn.langcom.org\/wp-content\/uploads\/2024\/09\/05230748\/Intermediate-English-06.webp","et-pb-gallery-module-image-portrait":"https:\/\/cdn.langcom.org\/wp-content\/uploads\/2024\/09\/05230748\/Intermediate-English-06.webp","et-pb-post-main-image-fullwidth-large":"https:\/\/cdn.langcom.org\/wp-content\/uploads\/2024\/09\/05230748\/Intermediate-English-06.webp","et-pb-image--responsive--desktop":"https:\/\/cdn.langcom.org\/wp-content\/uploads\/2024\/09\/05230748\/Intermediate-English-06.webp","et-pb-image--responsive--tablet":"https:\/\/cdn.langcom.org\/wp-content\/uploads\/2024\/09\/05230748\/Intermediate-English-06.webp","et-pb-image--responsive--phone":"https:\/\/cdn.langcom.org\/wp-content\/uploads\/2024\/09\/05230748\/Intermediate-English-06.webp","woocommerce_thumbnail":"https:\/\/cdn.langcom.org\/wp-content\/uploads\/2024\/09\/05230748\/Intermediate-English-06-300x300.webp","woocommerce_single":"https:\/\/cdn.langcom.org\/wp-content\/uploads\/2024\/09\/05230748\/Intermediate-English-06-600x314.webp","woocommerce_gallery_thumbnail":"https:\/\/cdn.langcom.org\/wp-content\/uploads\/2024\/09\/05230748\/Intermediate-English-06-100x100.webp","full":"https:\/\/cdn.langcom.org\/wp-content\/uploads\/2024\/09\/05230748\/Intermediate-English-06.webp"},"_links":{"self":[{"href":"https:\/\/www.langcom.org\/pt\/wp-json\/wp\/v2\/product\/257060","targetHints":{"allow":["GET"]}}],"collection":[{"href":"https:\/\/www.langcom.org\/pt\/wp-json\/wp\/v2\/product"}],"about":[{"href":"https:\/\/www.langcom.org\/pt\/wp-json\/wp\/v2\/types\/product"}],"replies":[{"embeddable":true,"href":"https:\/\/www.langcom.org\/pt\/wp-json\/wp\/v2\/comments?post=257060"}],"wp:featuredmedia":[{"embeddable":true,"href":"https:\/\/www.langcom.org\/pt\/wp-json\/wp\/v2\/media\/254074"}],"wp:attachment":[{"href":"https:\/\/www.langcom.org\/pt\/wp-json\/wp\/v2\/media?parent=257060"}],"wp:term":[{"taxonomy":"product_brand","embeddable":true,"href":"https:\/\/www.langcom.org\/pt\/wp-json\/wp\/v2\/product_brand?post=257060"},{"taxonomy":"product_cat","embeddable":true,"href":"https:\/\/www.langcom.org\/pt\/wp-json\/wp\/v2\/product_cat?post=257060"},{"taxonomy":"product_tag","embeddable":true,"href":"https:\/\/www.langcom.org\/pt\/wp-json\/wp\/v2\/product_tag?post=257060"}],"curies":[{"name":"wp","href":"https:\/\/api.w.org\/{rel}","templated":true}]}}