{"id":256714,"date":"2025-01-27T18:32:24","date_gmt":"2025-01-27T23:32:24","guid":{"rendered":"https:\/\/campus.langcom.org\/app\/?post_type=product&#038;p=256714"},"modified":"2025-01-27T18:32:24","modified_gmt":"2025-01-27T23:32:24","slug":"preparacion-cambridge-a2-key-ket-01-y-02-grupal-online-2-cursos-al-mes","status":"publish","type":"product","link":"https:\/\/www.langcom.org\/pt\/preparacion-cambridge-a2-key-ket-01-y-02-grupal-online-2-cursos-al-mes\/","title":{"rendered":"Prepara\u00e7\u00e3o Cambridge A2 Key (KET) 01 e 02 | Grupal online | 2 cursos por m\u00eas"},"content":{"rendered":"","protected":false},"excerpt":{"rendered":"","protected":false},"featured_media":248575,"comment_status":"open","ping_status":"closed","template":"","meta":{"_et_pb_use_builder":"","_et_pb_old_content":"","_et_gb_content_width":""},"product_brand":[],"product_cat":[158],"product_tag":[],"class_list":{"0":"post-256714","1":"product","2":"type-product","3":"status-publish","4":"has-post-thumbnail","6":"product_cat-toefl-english-exams","8":"first","9":"instock","10":"sale","11":"virtual","12":"purchasable","13":"product-type-simple"},"dsm_author":{"name":null,"avatar_url":"https:\/\/secure.gravatar.com\/avatar\/?s=96&d=mm&r=g","archive_link":"https:\/\/www.langcom.org\/pt\/author\/","biodata":""},"dsm_categories":[],"dsm_attachment_categories":[],"dsm_featured_image":{"thumbnail":"https:\/\/cdn.langcom.org\/wp-content\/uploads\/2024\/06\/05230847\/Cambridge-A2-Key-KET-01-150x150.jpg","medium":"https:\/\/cdn.langcom.org\/wp-content\/uploads\/2024\/06\/05230847\/Cambridge-A2-Key-KET-01-300x157.jpg","medium_large":"https:\/\/cdn.langcom.org\/wp-content\/uploads\/2024\/06\/05230847\/Cambridge-A2-Key-KET-01-768x402.jpg","large":"https:\/\/cdn.langcom.org\/wp-content\/uploads\/2024\/06\/05230847\/Cambridge-A2-Key-KET-01-1024x536.jpg","1536x1536":"https:\/\/cdn.langcom.org\/wp-content\/uploads\/2024\/06\/05230847\/Cambridge-A2-Key-KET-01.jpg","2048x2048":"https:\/\/cdn.langcom.org\/wp-content\/uploads\/2024\/06\/05230847\/Cambridge-A2-Key-KET-01.jpg","trp-custom-language-flag":"https:\/\/cdn.langcom.org\/wp-content\/uploads\/2024\/06\/05230847\/Cambridge-A2-Key-KET-01-18x9.jpg","et-pb-post-main-image":"https:\/\/cdn.langcom.org\/wp-content\/uploads\/2024\/06\/05230847\/Cambridge-A2-Key-KET-01.jpg","et-pb-post-main-image-fullwidth":"https:\/\/cdn.langcom.org\/wp-content\/uploads\/2024\/06\/05230847\/Cambridge-A2-Key-KET-01.jpg","et-pb-portfolio-image":"https:\/\/cdn.langcom.org\/wp-content\/uploads\/2024\/06\/05230847\/Cambridge-A2-Key-KET-01.jpg","et-pb-portfolio-module-image":"https:\/\/cdn.langcom.org\/wp-content\/uploads\/2024\/06\/05230847\/Cambridge-A2-Key-KET-01.jpg","et-pb-portfolio-image-single":"https:\/\/cdn.langcom.org\/wp-content\/uploads\/2024\/06\/05230847\/Cambridge-A2-Key-KET-01.jpg","et-pb-gallery-module-image-portrait":"https:\/\/cdn.langcom.org\/wp-content\/uploads\/2024\/06\/05230847\/Cambridge-A2-Key-KET-01.jpg","et-pb-post-main-image-fullwidth-large":"https:\/\/cdn.langcom.org\/wp-content\/uploads\/2024\/06\/05230847\/Cambridge-A2-Key-KET-01.jpg","et-pb-image--responsive--desktop":"https:\/\/cdn.langcom.org\/wp-content\/uploads\/2024\/06\/05230847\/Cambridge-A2-Key-KET-01.jpg","et-pb-image--responsive--tablet":"https:\/\/cdn.langcom.org\/wp-content\/uploads\/2024\/06\/05230847\/Cambridge-A2-Key-KET-01.jpg","et-pb-image--responsive--phone":"https:\/\/cdn.langcom.org\/wp-content\/uploads\/2024\/06\/05230847\/Cambridge-A2-Key-KET-01.jpg","woocommerce_thumbnail":"https:\/\/cdn.langcom.org\/wp-content\/uploads\/2024\/06\/05230847\/Cambridge-A2-Key-KET-01-300x300.jpg","woocommerce_single":"https:\/\/cdn.langcom.org\/wp-content\/uploads\/2024\/06\/05230847\/Cambridge-A2-Key-KET-01-600x314.jpg","woocommerce_gallery_thumbnail":"https:\/\/cdn.langcom.org\/wp-content\/uploads\/2024\/06\/05230847\/Cambridge-A2-Key-KET-01-100x100.jpg","full":"https:\/\/cdn.langcom.org\/wp-content\/uploads\/2024\/06\/05230847\/Cambridge-A2-Key-KET-01.jpg"},"_links":{"self":[{"href":"https:\/\/www.langcom.org\/pt\/wp-json\/wp\/v2\/product\/256714","targetHints":{"allow":["GET"]}}],"collection":[{"href":"https:\/\/www.langcom.org\/pt\/wp-json\/wp\/v2\/product"}],"about":[{"href":"https:\/\/www.langcom.org\/pt\/wp-json\/wp\/v2\/types\/product"}],"replies":[{"embeddable":true,"href":"https:\/\/www.langcom.org\/pt\/wp-json\/wp\/v2\/comments?post=256714"}],"wp:featuredmedia":[{"embeddable":true,"href":"https:\/\/www.langcom.org\/pt\/wp-json\/wp\/v2\/media\/248575"}],"wp:attachment":[{"href":"https:\/\/www.langcom.org\/pt\/wp-json\/wp\/v2\/media?parent=256714"}],"wp:term":[{"taxonomy":"product_brand","embeddable":true,"href":"https:\/\/www.langcom.org\/pt\/wp-json\/wp\/v2\/product_brand?post=256714"},{"taxonomy":"product_cat","embeddable":true,"href":"https:\/\/www.langcom.org\/pt\/wp-json\/wp\/v2\/product_cat?post=256714"},{"taxonomy":"product_tag","embeddable":true,"href":"https:\/\/www.langcom.org\/pt\/wp-json\/wp\/v2\/product_tag?post=256714"}],"curies":[{"name":"wp","href":"https:\/\/api.w.org\/{rel}","templated":true}]}}