{"id":267991,"date":"2026-01-02T11:13:17","date_gmt":"2026-01-02T16:13:17","guid":{"rendered":"https:\/\/campus.langcom.org\/?post_type=product&#038;p=267991"},"modified":"2026-01-26T19:50:24","modified_gmt":"2026-01-27T00:50:24","slug":"cours-danglais-pratique","status":"publish","type":"product","link":"https:\/\/www.langcom.org\/fr\/english-in-practice-course\/","title":{"rendered":"Formation pratique \u00e0 l&#039;enseignement de l&#039;anglais\u00a0: Double certification (120\u00a0h) + Assistance en direct et par IA avec des tuteurs experts"},"content":{"rendered":"<h3 data-path-to-node=\"11\"><b data-path-to-node=\"11\" data-index-in-node=\"0\">Transformez votre fa\u00e7on d&#039;enseigner et de communiquer<\/b><\/h3>\n<p data-path-to-node=\"12\">Bienvenue sur <b data-path-to-node=\"12\" data-index-in-node=\"11\">L&#039;anglais en pratique<\/b>, une alliance strat\u00e9gique entre <b data-path-to-node=\"12\" data-index-in-node=\"61\">LANGCOM<\/b> et <b data-path-to-node=\"12\" data-index-in-node=\"73\">Coaching C&amp;C<\/b> Con\u00e7u sp\u00e9cifiquement pour les professeurs d&#039;anglais et les professionnels de la r\u00e9gion d&#039;Ancash, notre programme s&#039;\u00e9loigne des th\u00e9ories traditionnelles pour privil\u00e9gier des m\u00e9thodes de communication concr\u00e8tes et des technologies de pointe.<\/p>\n<h3 data-path-to-node=\"13\"><b data-path-to-node=\"13\" data-index-in-node=\"0\">Pourquoi choisir ce programme ?<\/b><\/h3>\n<ul data-path-to-node=\"14\">\n<li>\n<p data-path-to-node=\"14,0,0\"><b data-path-to-node=\"14,0,0\" data-index-in-node=\"0\">Double certification officielle :<\/b> Obtenez un avantage concurrentiel gr\u00e2ce \u00e0 des certificats totalisant 120 heures acad\u00e9miques, parfaits pour l&#039;avancement de votre carri\u00e8re.<\/p>\n<\/li>\n<li>Enseignants experts<\/li>\n<li>\n<p data-path-to-node=\"14,1,0\"><b data-path-to-node=\"14,1,0\" data-index-in-node=\"0\">Votre tuteur personnel en IA\u00a0:<\/b> Ne vous contentez pas d&#039;\u00e9tudier\u00a0; pratiquez. Notre tuteur IA exclusif vous permet d&#039;am\u00e9liorer votre fluidit\u00e9 et votre prononciation \u00e0 tout moment et n&#039;importe o\u00f9.<\/p>\n<\/li>\n<li>\n<p data-path-to-node=\"14,2,0\"><b data-path-to-node=\"14,2,0\" data-index-in-node=\"0\">Apprentissage semi-pr\u00e9sentiel :<\/b> Con\u00e7u pour les professionnels actifs. Alliez la flexibilit\u00e9 de l&#039;apprentissage en ligne \u00e0 des sessions en pr\u00e9sentiel \u00e0 fort impact dans notre centre de Huaraz.<\/p>\n<\/li>\n<li>\n<p data-path-to-node=\"14,3,0\"><b data-path-to-node=\"14,3,0\" data-index-in-node=\"0\">Professeurs experts :<\/b> Apprenez aupr\u00e8s de formateurs poss\u00e9dant une exp\u00e9rience internationale et sp\u00e9cialis\u00e9s dans la p\u00e9dagogie moderne.<\/p>\n<\/li>\n<\/ul>\n<h3 data-path-to-node=\"15\"><b data-path-to-node=\"15\" data-index-in-node=\"0\">D\u00e9tails du programme\u00a0:<\/b><\/h3>\n<ul data-path-to-node=\"16\">\n<li>\n<p data-path-to-node=\"16,0,0\">\ud83d\udcc5 <b data-path-to-node=\"16,0,0\" data-index-in-node=\"3\">Date de d\u00e9but:<\/b> 12 janvier 2026 | <b data-path-to-node=\"16,0,0\" data-index-in-node=\"3\">Horaire : en ligne <\/b>Lundi et mercredi de 19h30 \u00e0 21h00 et <b data-path-to-node=\"16,0,0\" data-index-in-node=\"3\">En classe <\/b>Sam. 16h30-19h30<\/p>\n<\/li>\n<li>\n<p data-path-to-node=\"16,1,0\">\ud83d\udccd <b data-path-to-node=\"16,1,0\" data-index-in-node=\"3\">Emplacement:<\/b> Jr. V\u00edctor Cordero 826, Barrio de Bel\u00e9n, Huaraz.<\/p>\n<\/li>\n<li>\n<p data-path-to-node=\"16,2,0\">\ud83d\udcb0 <b data-path-to-node=\"16,2,0\" data-index-in-node=\"3\">Investissement:<\/b> Paiements mensuels \u00e0 partir de <b data-path-to-node=\"16,2,0\" data-index-in-node=\"37\">S\/ 200<\/b>.<\/p>\n<\/li>\n<li>\n<p data-path-to-node=\"16,3,0\">\ud83c\udf81 <b data-path-to-node=\"16,3,0\" data-index-in-node=\"3\">Bonus \u00e0 dur\u00e9e limit\u00e9e\u00a0:<\/b> <b data-path-to-node=\"16,3,0\" data-index-in-node=\"23\">FRAIS D&#039;INSCRIPTION Z\u00c9RO<\/b> pour les inscriptions anticip\u00e9es.<\/p>\n<\/li>\n<\/ul>\n<h4>Retrouvez-nous<\/h4>\n<p><a href=\"http:\/\/google.com\/maps\/place\/Centro+de+Idiomas+Langcom\/@-9.5322204,-77.5277192,19z\/data=!4m14!1m7!3m6!1s0x91a90d1a9334c023:0x5867b31beba42b4e!2sCentro+de+Idiomas+Langcom!8m2!3d-9.5322204!4d-77.5277192!16s%2Fg%2F11b8_dd5y4!3m5!1s0x91a90d1a9334c023:0x5867b31beba42b4e!8m2!3d-9.5322204!4d-77.5277192!16s%2Fg%2F11b8_dd5y4?entry=ttu\" target=\"_blank\" rel=\"noopener\"><strong>Jr. V\u00edctor Cordero 826, Bel\u00e9n, Huaraz<\/strong><\/a><\/p>\n<p><strong>Heures d&#039;ouverture<\/strong><br \/>\n<strong>Du lundi au vendredi<\/strong> 9h00 \u2013 12h00 et 16h30 \u2013 18h30.<br \/>\n<strong>Samedi<\/strong> 9h00 \u2013 12h00.<br \/>\n<strong><br \/>\nEn ligne<\/strong> 24 heures sur 24, du lundi au dimanche : <strong><a href=\"https:\/\/api.whatsapp.com\/send\/?phone=%2B51980473286&amp;text&amp;type=phone_number&amp;app_absent=0\" target=\"_blank\" rel=\"noopener\">WhatsApp<\/a><\/strong><br \/>\n<a href=\"mailto:admin@langcom.org\" target=\"_blank\" rel=\"noopener\"><strong>admin@langcom.org<\/strong><\/a><\/p>\n<p><iframe title=\"Langcom Huaraz\" src=\"https:\/\/maps.google.com\/maps?q=Langcom%20Huaraz&amp;t=m&amp;z=17&amp;output=embed&amp;iwloc=near\" aria-label=\"Langcom Huaraz\"><\/iframe><\/p>","protected":false},"excerpt":{"rendered":"<p>Transform the way you teach and communicate Welcome to English in Practice, a strategic alliance between LANGCOM and C&amp;C Coaching designed specifically for English teachers and professionals in the Ancash region. Our program moves away from traditional theory, focusing on real-world communicative methods and cutting-edge technology. Why choose this program? Official Dual Certification: Gain a [&hellip;]<\/p>\n","protected":false},"featured_media":268075,"comment_status":"open","ping_status":"closed","template":"","meta":{"_et_pb_use_builder":"","_et_pb_old_content":"","_et_gb_content_width":""},"product_brand":[],"product_cat":[547,160],"product_tag":[],"class_list":{"0":"post-267991","1":"product","2":"type-product","3":"status-publish","4":"has-post-thumbnail","6":"product_cat-english-for-teachers","7":"product_cat-english-program","9":"first","10":"instock","11":"sale","12":"shipping-taxable","13":"purchasable","14":"product-type-variable","15":"has-default-attributes"},"dsm_author":{"name":null,"avatar_url":"https:\/\/secure.gravatar.com\/avatar\/?s=96&d=mm&r=g","archive_link":"https:\/\/www.langcom.org\/fr\/author\/","biodata":""},"dsm_categories":[],"dsm_attachment_categories":[],"dsm_featured_image":{"thumbnail":"https:\/\/cdn.langcom.org\/wp-content\/uploads\/2026\/01\/02204933\/English-in-Practice-featured-square-image-150x150.webp","medium":"https:\/\/cdn.langcom.org\/wp-content\/uploads\/2026\/01\/02204933\/English-in-Practice-featured-square-image-300x300.webp","medium_large":"https:\/\/cdn.langcom.org\/wp-content\/uploads\/2026\/01\/02204933\/English-in-Practice-featured-square-image-768x768.webp","large":"https:\/\/cdn.langcom.org\/wp-content\/uploads\/2026\/01\/02204933\/English-in-Practice-featured-square-image-1024x1024.webp","1536x1536":"https:\/\/cdn.langcom.org\/wp-content\/uploads\/2026\/01\/02204933\/English-in-Practice-featured-square-image.webp","2048x2048":"https:\/\/cdn.langcom.org\/wp-content\/uploads\/2026\/01\/02204933\/English-in-Practice-featured-square-image.webp","trp-custom-language-flag":"https:\/\/cdn.langcom.org\/wp-content\/uploads\/2026\/01\/02204933\/English-in-Practice-featured-square-image-12x12.webp","et-pb-post-main-image":"https:\/\/cdn.langcom.org\/wp-content\/uploads\/2026\/01\/02204933\/English-in-Practice-featured-square-image.webp","et-pb-post-main-image-fullwidth":"https:\/\/cdn.langcom.org\/wp-content\/uploads\/2026\/01\/02204933\/English-in-Practice-featured-square-image.webp","et-pb-portfolio-image":"https:\/\/cdn.langcom.org\/wp-content\/uploads\/2026\/01\/02204933\/English-in-Practice-featured-square-image.webp","et-pb-portfolio-module-image":"https:\/\/cdn.langcom.org\/wp-content\/uploads\/2026\/01\/02204933\/English-in-Practice-featured-square-image.webp","et-pb-portfolio-image-single":"https:\/\/cdn.langcom.org\/wp-content\/uploads\/2026\/01\/02204933\/English-in-Practice-featured-square-image.webp","et-pb-gallery-module-image-portrait":"https:\/\/cdn.langcom.org\/wp-content\/uploads\/2026\/01\/02204933\/English-in-Practice-featured-square-image.webp","et-pb-post-main-image-fullwidth-large":"https:\/\/cdn.langcom.org\/wp-content\/uploads\/2026\/01\/02204933\/English-in-Practice-featured-square-image.webp","et-pb-image--responsive--desktop":"https:\/\/cdn.langcom.org\/wp-content\/uploads\/2026\/01\/02204933\/English-in-Practice-featured-square-image.webp","et-pb-image--responsive--tablet":"https:\/\/cdn.langcom.org\/wp-content\/uploads\/2026\/01\/02204933\/English-in-Practice-featured-square-image.webp","et-pb-image--responsive--phone":"https:\/\/cdn.langcom.org\/wp-content\/uploads\/2026\/01\/02204933\/English-in-Practice-featured-square-image.webp","_nx_notification_thumb_100_100":"https:\/\/cdn.langcom.org\/wp-content\/uploads\/2026\/01\/02204933\/English-in-Practice-featured-square-image.webp","_nx_notification_thumb_200_200":"https:\/\/cdn.langcom.org\/wp-content\/uploads\/2026\/01\/02204933\/English-in-Practice-featured-square-image.webp","_nx_notification_thumb_300_300":"https:\/\/cdn.langcom.org\/wp-content\/uploads\/2026\/01\/02204933\/English-in-Practice-featured-square-image.webp","_nx_notification_thumb_400_400":"https:\/\/cdn.langcom.org\/wp-content\/uploads\/2026\/01\/02204933\/English-in-Practice-featured-square-image.webp","_nx_notification_thumb_500_500":"https:\/\/cdn.langcom.org\/wp-content\/uploads\/2026\/01\/02204933\/English-in-Practice-featured-square-image.webp","woocommerce_thumbnail":"https:\/\/cdn.langcom.org\/wp-content\/uploads\/2026\/01\/02204933\/English-in-Practice-featured-square-image-300x300.webp","woocommerce_single":"https:\/\/cdn.langcom.org\/wp-content\/uploads\/2026\/01\/02204933\/English-in-Practice-featured-square-image-600x600.webp","woocommerce_gallery_thumbnail":"https:\/\/cdn.langcom.org\/wp-content\/uploads\/2026\/01\/02204933\/English-in-Practice-featured-square-image-100x100.webp","full":"https:\/\/cdn.langcom.org\/wp-content\/uploads\/2026\/01\/02204933\/English-in-Practice-featured-square-image.webp"},"_links":{"self":[{"href":"https:\/\/www.langcom.org\/fr\/wp-json\/wp\/v2\/product\/267991","targetHints":{"allow":["GET"]}}],"collection":[{"href":"https:\/\/www.langcom.org\/fr\/wp-json\/wp\/v2\/product"}],"about":[{"href":"https:\/\/www.langcom.org\/fr\/wp-json\/wp\/v2\/types\/product"}],"replies":[{"embeddable":true,"href":"https:\/\/www.langcom.org\/fr\/wp-json\/wp\/v2\/comments?post=267991"}],"wp:featuredmedia":[{"embeddable":true,"href":"https:\/\/www.langcom.org\/fr\/wp-json\/wp\/v2\/media\/268075"}],"wp:attachment":[{"href":"https:\/\/www.langcom.org\/fr\/wp-json\/wp\/v2\/media?parent=267991"}],"wp:term":[{"taxonomy":"product_brand","embeddable":true,"href":"https:\/\/www.langcom.org\/fr\/wp-json\/wp\/v2\/product_brand?post=267991"},{"taxonomy":"product_cat","embeddable":true,"href":"https:\/\/www.langcom.org\/fr\/wp-json\/wp\/v2\/product_cat?post=267991"},{"taxonomy":"product_tag","embeddable":true,"href":"https:\/\/www.langcom.org\/fr\/wp-json\/wp\/v2\/product_tag?post=267991"}],"curies":[{"name":"wp","href":"https:\/\/api.w.org\/{rel}","templated":true}]}}