{"id":257988,"date":"2025-04-12T11:29:56","date_gmt":"2025-04-12T16:29:56","guid":{"rendered":"https:\/\/campus.langcom.org\/app\/?post_type=product&#038;p=257988"},"modified":"2025-04-12T11:29:59","modified_gmt":"2025-04-12T16:29:59","slug":"inscripcion-al-examen-cambridge-a1-movers-en-huaraz-3","status":"publish","type":"product","link":"https:\/\/www.langcom.org\/es\/inscripcion-al-examen-cambridge-a1-movers-en-huaraz-3\/","title":{"rendered":"Inscripci\u00f3n al examen Cambridge A1 Movers en Huaraz"},"content":{"rendered":"","protected":false},"excerpt":{"rendered":"<div class=\"whitespace-pre-wrap mb-4 last:mb-0\">\u00a1Reserva ya el examen Cambridge A1 Movers en Huaraz!<\/div>\n<div class=\"whitespace-pre-wrap mb-4 last:mb-0\">A1 Movers es el siguiente paso en el aprendizaje del ingl\u00e9s para los ni\u00f1os. Es un examen divertido y motivador que ayudar\u00e1 a tu hijo a mejorar sus destrezas de comunicaci\u00f3n en ingl\u00e9s.<\/div>","protected":false},"featured_media":257859,"comment_status":"open","ping_status":"closed","template":"","meta":{"_et_pb_use_builder":"","_et_pb_old_content":"","_et_gb_content_width":""},"product_brand":[],"product_cat":[160],"product_tag":[],"class_list":{"0":"post-257988","1":"product","2":"type-product","3":"status-publish","4":"has-post-thumbnail","6":"product_cat-english-program","8":"first","9":"outofstock","10":"sold-individually","11":"shipping-taxable","12":"product-type-variable"},"dsm_author":{"name":null,"avatar_url":"https:\/\/secure.gravatar.com\/avatar\/?s=96&d=mm&r=g","archive_link":"https:\/\/www.langcom.org\/es\/author\/","biodata":""},"dsm_categories":[],"dsm_attachment_categories":[],"dsm_featured_image":{"thumbnail":"https:\/\/cdn.langcom.org\/wp-content\/uploads\/2025\/04\/05230653\/Preparacion-y-examen-de-ingles-Cambridge-YLE-A1-Movers-para-ninos-en-Huaraz-150x150.webp","medium":"https:\/\/cdn.langcom.org\/wp-content\/uploads\/2025\/04\/05230653\/Preparacion-y-examen-de-ingles-Cambridge-YLE-A1-Movers-para-ninos-en-Huaraz-300x300.webp","medium_large":"https:\/\/cdn.langcom.org\/wp-content\/uploads\/2025\/04\/05230653\/Preparacion-y-examen-de-ingles-Cambridge-YLE-A1-Movers-para-ninos-en-Huaraz-768x768.webp","large":"https:\/\/cdn.langcom.org\/wp-content\/uploads\/2025\/04\/05230653\/Preparacion-y-examen-de-ingles-Cambridge-YLE-A1-Movers-para-ninos-en-Huaraz.webp","1536x1536":"https:\/\/cdn.langcom.org\/wp-content\/uploads\/2025\/04\/05230653\/Preparacion-y-examen-de-ingles-Cambridge-YLE-A1-Movers-para-ninos-en-Huaraz.webp","2048x2048":"https:\/\/cdn.langcom.org\/wp-content\/uploads\/2025\/04\/05230653\/Preparacion-y-examen-de-ingles-Cambridge-YLE-A1-Movers-para-ninos-en-Huaraz.webp","trp-custom-language-flag":"https:\/\/cdn.langcom.org\/wp-content\/uploads\/2025\/04\/05230653\/Preparacion-y-examen-de-ingles-Cambridge-YLE-A1-Movers-para-ninos-en-Huaraz-12x12.webp","et-pb-post-main-image":"https:\/\/cdn.langcom.org\/wp-content\/uploads\/2025\/04\/05230653\/Preparacion-y-examen-de-ingles-Cambridge-YLE-A1-Movers-para-ninos-en-Huaraz.webp","et-pb-post-main-image-fullwidth":"https:\/\/cdn.langcom.org\/wp-content\/uploads\/2025\/04\/05230653\/Preparacion-y-examen-de-ingles-Cambridge-YLE-A1-Movers-para-ninos-en-Huaraz.webp","et-pb-portfolio-image":"https:\/\/cdn.langcom.org\/wp-content\/uploads\/2025\/04\/05230653\/Preparacion-y-examen-de-ingles-Cambridge-YLE-A1-Movers-para-ninos-en-Huaraz.webp","et-pb-portfolio-module-image":"https:\/\/cdn.langcom.org\/wp-content\/uploads\/2025\/04\/05230653\/Preparacion-y-examen-de-ingles-Cambridge-YLE-A1-Movers-para-ninos-en-Huaraz.webp","et-pb-portfolio-image-single":"https:\/\/cdn.langcom.org\/wp-content\/uploads\/2025\/04\/05230653\/Preparacion-y-examen-de-ingles-Cambridge-YLE-A1-Movers-para-ninos-en-Huaraz.webp","et-pb-gallery-module-image-portrait":"https:\/\/cdn.langcom.org\/wp-content\/uploads\/2025\/04\/05230653\/Preparacion-y-examen-de-ingles-Cambridge-YLE-A1-Movers-para-ninos-en-Huaraz.webp","et-pb-post-main-image-fullwidth-large":"https:\/\/cdn.langcom.org\/wp-content\/uploads\/2025\/04\/05230653\/Preparacion-y-examen-de-ingles-Cambridge-YLE-A1-Movers-para-ninos-en-Huaraz.webp","et-pb-image--responsive--desktop":"https:\/\/cdn.langcom.org\/wp-content\/uploads\/2025\/04\/05230653\/Preparacion-y-examen-de-ingles-Cambridge-YLE-A1-Movers-para-ninos-en-Huaraz.webp","et-pb-image--responsive--tablet":"https:\/\/cdn.langcom.org\/wp-content\/uploads\/2025\/04\/05230653\/Preparacion-y-examen-de-ingles-Cambridge-YLE-A1-Movers-para-ninos-en-Huaraz.webp","et-pb-image--responsive--phone":"https:\/\/cdn.langcom.org\/wp-content\/uploads\/2025\/04\/05230653\/Preparacion-y-examen-de-ingles-Cambridge-YLE-A1-Movers-para-ninos-en-Huaraz.webp","woocommerce_thumbnail":"https:\/\/cdn.langcom.org\/wp-content\/uploads\/2025\/04\/05230653\/Preparacion-y-examen-de-ingles-Cambridge-YLE-A1-Movers-para-ninos-en-Huaraz-300x300.webp","woocommerce_single":"https:\/\/cdn.langcom.org\/wp-content\/uploads\/2025\/04\/05230653\/Preparacion-y-examen-de-ingles-Cambridge-YLE-A1-Movers-para-ninos-en-Huaraz-600x600.webp","woocommerce_gallery_thumbnail":"https:\/\/cdn.langcom.org\/wp-content\/uploads\/2025\/04\/05230653\/Preparacion-y-examen-de-ingles-Cambridge-YLE-A1-Movers-para-ninos-en-Huaraz-100x100.webp","full":"https:\/\/cdn.langcom.org\/wp-content\/uploads\/2025\/04\/05230653\/Preparacion-y-examen-de-ingles-Cambridge-YLE-A1-Movers-para-ninos-en-Huaraz.webp"},"_links":{"self":[{"href":"https:\/\/www.langcom.org\/es\/wp-json\/wp\/v2\/product\/257988","targetHints":{"allow":["GET"]}}],"collection":[{"href":"https:\/\/www.langcom.org\/es\/wp-json\/wp\/v2\/product"}],"about":[{"href":"https:\/\/www.langcom.org\/es\/wp-json\/wp\/v2\/types\/product"}],"replies":[{"embeddable":true,"href":"https:\/\/www.langcom.org\/es\/wp-json\/wp\/v2\/comments?post=257988"}],"wp:featuredmedia":[{"embeddable":true,"href":"https:\/\/www.langcom.org\/es\/wp-json\/wp\/v2\/media\/257859"}],"wp:attachment":[{"href":"https:\/\/www.langcom.org\/es\/wp-json\/wp\/v2\/media?parent=257988"}],"wp:term":[{"taxonomy":"product_brand","embeddable":true,"href":"https:\/\/www.langcom.org\/es\/wp-json\/wp\/v2\/product_brand?post=257988"},{"taxonomy":"product_cat","embeddable":true,"href":"https:\/\/www.langcom.org\/es\/wp-json\/wp\/v2\/product_cat?post=257988"},{"taxonomy":"product_tag","embeddable":true,"href":"https:\/\/www.langcom.org\/es\/wp-json\/wp\/v2\/product_tag?post=257988"}],"curies":[{"name":"wp","href":"https:\/\/api.w.org\/{rel}","templated":true}]}}