{"id":269469,"date":"2026-02-12T02:25:14","date_gmt":"2026-02-12T07:25:14","guid":{"rendered":"https:\/\/langcom.org\/?page_id=269469"},"modified":"2026-03-23T17:19:13","modified_gmt":"2026-03-23T22:19:13","slug":"about-us","status":"publish","type":"page","link":"https:\/\/www.langcom.org\/es\/about-us\/","title":{"rendered":"Qui\u00e9nes somos"},"content":{"rendered":"<div class=\"et_pb_section_0 et_pb_section et_section_regular et_block_section et_pb_section_parallax section_has_divider et_pb_bottom_divider\"><span class=\"et-pb-parallax-wrapper\"><span class=\"et-pb-parallax-background et-pb-parallax-background-module--divi-section-0\" style=\"background-image:url(https:\/\/langcom.org\/wp-content\/uploads\/2026\/02\/marketing-bg6.png)\"><\/span><\/span>\n<div class=\"et_pb_row_0 et_pb_row et_block_row\">\n<div class=\"et_pb_column_0 et_pb_column et_pb_column_4_4 et-last-child et_block_column et_pb_css_mix_blend_mode_passthrough\">\n<div class=\"et_pb_text_0 et_pb_text et_pb_bg_layout_dark et_pb_module et_block_module et_pb_text_align_center\"><div class=\"et_pb_text_inner\"><h1>\ud83d\ude80Talk to the world!<\/h1>\n<\/div><\/div>\n\n<div class=\"et_pb_text_1 et_pb_text et_pb_bg_layout_dark et_pb_module et_block_module et_pb_text_align_center\"><div class=\"et_pb_text_inner\"><p><span>At Langcom, we help \ud83c\udf93 people of all ages<\/span><span>, \ud83c\udfeb educational institutions<\/span><span>, and \ud83c\udfe2businesses around the world <\/span><span>achieve success in English, Spanish, French, Italian, German and Quechua, and Italian with our award-winning, internationally used <\/span><span>programa y plataforma.<\/span><\/p>\n<\/div><\/div>\n<\/div>\n<\/div>\n<div class=\"et_pb_bottom_inside_divider et-no-transition\"><\/div><\/div>\n\n<div class=\"et_pb_section_1 et_pb_section et_section_regular et_block_section\">\n<div class=\"et_pb_row_1 et_pb_row et_pb_gutters2 et_block_row\">\n<div class=\"et_pb_column_1 et_pb_column et_pb_column_4_4 et-last-child et_block_column et_pb_css_mix_blend_mode_passthrough\">\n<div class=\"et_pb_video_0 et_pb_video et_pb_module et_block_module\"><div class=\"et_pb_video_box\"><iframe title=\"Bienvenido a LANGCOM, \u00a1Habla con el Mundo!\" width=\"1080\" height=\"608\" src=\"https:\/\/www.youtube.com\/embed\/Aeh2BGnelxc?feature=oembed\"  allow=\"accelerometer; autoplay; clipboard-write; encrypted-media; gyroscope; picture-in-picture; web-share\" referrerpolicy=\"strict-origin-when-cross-origin\" allowfullscreen><\/iframe><\/div><\/div>\n\n<div class=\"et_pb_text_2 et_pb_text et_pb_bg_layout_light et_pb_module et_block_module\"><div class=\"et_pb_text_inner\"><h2>Nuestra metodolog\u00eda consigue resultados reales y duraderos<\/h2>\n<p>Nuestra metodolog\u00eda de ense\u00f1anza de idiomas es esencialmente comunicativa, siguiendo una perspectiva ecl\u00e9ctica, equilibrada con las capacidades y caracter\u00edsticas del alumno, consiguiendo as\u00ed resultados objetivos y duraderos. Estos resultados se reflejan en las competencias ling\u00fc\u00edsticas de nuestros alumnos, que al seguir est\u00e1ndares internacionales, pueden obtener certificaciones internacionales como Cambridge, TOEFL, IELTS, etc., en el caso del ingl\u00e9s, y DELE en el caso del espa\u00f1ol.<\/p>\n<p>Leading the way in innovation and leveraging modern technological tools, Langcom offers its students two learning modalities: online and in-person. This allows students from all over <span class=\"lc-country-target\">EE.UU.<\/span> and the world to access our services, regardless of who they are, at their preferred time and from wherever they are.<\/p>\n<\/div><\/div>\n<\/div>\n<\/div>\n<\/div>\n\n<div class=\"et_pb_section_2 et_pb_section et_section_specialty et_pb_gutters3 et_block_section\"><div class=\"et_pb_row et_pb_row-1-4_1-2_1-4 et_block_row\">\n<div class=\"et_pb_column_2 et_pb_column et_pb_column_single et_pb_column_1_4 et_block_column et_pb_css_mix_blend_mode_passthrough\">\n<div class=\"et_pb_text_3 et_pb_text et_pb_bg_layout_light et_animated et_pb_module et_block_module\"><div class=\"et_pb_text_inner\"><h1>Misi\u00f3n<\/h1>\n<\/div><\/div>\n\n<div class=\"et_pb_text_4 et_pb_text et_pb_bg_layout_light et_animated et_pb_module et_block_module\"><div class=\"et_pb_text_inner\"><p><span>Ofrecer una ense\u00f1anza asequible de ingl\u00e9s y espa\u00f1ol, siguiendo est\u00e1ndares internacionales y utilizando metodolog\u00eda y tecnolog\u00eda modernas, que permita a nuestros alumnos alcanzar un aprendizaje significativo, \u00fatil y duradero que les ayude a conseguir sus objetivos.<\/span><\/p>\n<\/div><\/div>\n<\/div>\n\n<div class=\"et_pb_column_3 et_pb_column et_pb_specialty_column et_pb_column_1_2 et_block_column et_pb_css_mix_blend_mode_passthrough\">\n<div class=\"et_pb_row_inner_0 et_pb_row_inner et_block_row\">\n<div class=\"et_pb_column_inner_0 et_pb_column_inner et_pb_column et_pb_column_4_4 et-last-child et_block_column et_pb_css_mix_blend_mode_passthrough\">\n<div class=\"et_pb_image_0 et_pb_image et_animated et_pb_module et_block_module\"><span class=\"et_pb_image_wrap\"><img decoding=\"async\" src=\"https:\/\/langcom.org\/wp-content\/uploads\/2026\/02\/mision-vision-valores.jpeg\" title=\"misi\u00f3n-visi\u00f3n-valores\" \/><\/span><\/div>\n\n<div class=\"et_pb_text_5 et_pb_text et_pb_bg_layout_light et_animated et_pb_module et_block_module\"><div class=\"et_pb_text_inner\"><h1>Misi\u00f3n<\/h1>\n<\/div><\/div>\n\n<div class=\"et_pb_text_6 et_pb_text et_pb_bg_layout_light et_animated et_pb_module et_block_module\"><div class=\"et_pb_text_inner\"><p><span>Ofrecer ense\u00f1anza asequible de ingl\u00e9s, portugu\u00e9s y espa\u00f1ol, siguiendo est\u00e1ndares internacionales y utilizando metodolog\u00eda y tecnolog\u00eda modernas, permitiendo a nuestros alumnos lograr un aprendizaje significativo, \u00fatil y duradero que les ayude a alcanzar sus objetivos.<\/span><\/p>\n<\/div><\/div>\n<\/div>\n<\/div>\n<\/div>\n\n<div class=\"et_pb_column_4 et_pb_column et_pb_column_single et_pb_column_1_4 et-last-child et_block_column et_pb_css_mix_blend_mode_passthrough\">\n<div class=\"et_pb_text_7 et_pb_text et_pb_bg_layout_light et_animated et_pb_module et_block_module\"><div class=\"et_pb_text_inner\"><h1>Visi\u00f3n<\/h1>\n<\/div><\/div>\n\n<div class=\"et_pb_text_8 et_pb_text et_pb_bg_layout_light et_animated et_pb_module et_block_module\"><div class=\"et_pb_text_inner\"><p><span>Ofrecer ense\u00f1anza asequible de ingl\u00e9s, portugu\u00e9s y espa\u00f1ol, siguiendo est\u00e1ndares internacionales y utilizando metodolog\u00eda y tecnolog\u00eda modernas, permitiendo a nuestros alumnos lograr un aprendizaje significativo, \u00fatil y duradero que les ayude a alcanzar sus objetivos.<\/span><\/p>\n<\/div><\/div>\n<\/div>\n<\/div><\/div>\n\n<div class=\"et_pb_section_3 et_pb_section et_section_regular et_block_section section_has_divider et_pb_bottom_divider\">\n<div class=\"et_pb_row_2 et_pb_row et_block_row et_pb_row_fullwidth\">\n<div class=\"et_pb_column_5 et_pb_column et_pb_column_1_2 et_block_column et_pb_css_mix_blend_mode_passthrough\">\n<div class=\"et_pb_text_9 et_pb_text et_pb_bg_layout_light et_pb_module et_block_module\"><div class=\"et_pb_text_inner\"><h2>Lo que mejor sabemos hacer<\/h2>\n<\/div><\/div>\n<\/div>\n\n<div class=\"et_pb_column_6 et_pb_column et_pb_column_1_2 et-last-child et_block_column et_pb_column_empty et_pb_css_mix_blend_mode_passthrough\"><\/div>\n<\/div>\n\n<div class=\"et_pb_row_3 et_pb_row et_block_row et_pb_row_fullwidth\">\n<div class=\"et_pb_column_7 et_pb_column et_pb_column_1_3 et_block_column et_pb_css_mix_blend_mode_passthrough\">\n<div class=\"et_pb_blurb_0 et_pb_blurb et_pb_bg_layout_light et_pb_text_align_center et_pb_blurb_position_left et_animated et_pb_module et_block_module\"><div class=\"et_pb_blurb_content\"><div class=\"et_pb_main_blurb_image\"><span class=\"et_pb_image_wrap\"><span class=\"et-pb-icon\">\ue0f9<\/span><\/span><\/div><div class=\"et_pb_blurb_container\"><h4 class=\"et_pb_module_header\">English for kids (6+ years)<\/h4><\/div><\/div><\/div>\n\n<div class=\"et_pb_blurb_1 et_pb_blurb et_pb_bg_layout_light et_pb_text_align_center et_pb_blurb_position_left et_animated et_pb_module et_block_module\"><div class=\"et_pb_blurb_content\"><div class=\"et_pb_main_blurb_image\"><span class=\"et_pb_image_wrap\"><span class=\"et-pb-icon\">\ue059<\/span><\/span><\/div><div class=\"et_pb_blurb_container\"><h4 class=\"et_pb_module_header\">English for teens and adults<\/h4><\/div><\/div><\/div>\n\n<div class=\"et_pb_blurb_2 et_pb_blurb et_pb_bg_layout_light et_pb_text_align_center et_pb_blurb_position_left et_animated et_pb_module et_block_module\"><div class=\"et_pb_blurb_content\"><div class=\"et_pb_main_blurb_image\"><span class=\"et_pb_image_wrap\"><span class=\"et-pb-icon\">\ue08b<\/span><\/span><\/div><div class=\"et_pb_blurb_container\"><h4 class=\"et_pb_module_header\">English for teachers<\/h4><\/div><\/div><\/div>\n\n<div class=\"et_pb_blurb_3 et_pb_blurb et_pb_bg_layout_light et_pb_text_align_center et_pb_blurb_position_left et_animated et_pb_module et_block_module\"><div class=\"et_pb_blurb_content\"><div class=\"et_pb_main_blurb_image\"><span class=\"et_pb_image_wrap\"><span class=\"et-pb-icon\">\ue0f2<\/span><\/span><\/div><div class=\"et_pb_blurb_container\"><h4 class=\"et_pb_module_header\">English for schools<\/h4><\/div><\/div><\/div>\n\n<div class=\"et_pb_blurb_4 et_pb_blurb et_pb_bg_layout_light et_pb_text_align_center et_pb_blurb_position_left et_animated et_pb_module et_block_module\"><div class=\"et_pb_blurb_content\"><div class=\"et_pb_main_blurb_image\"><span class=\"et_pb_image_wrap\"><span class=\"et-pb-icon\">\ue00e<\/span><\/span><\/div><div class=\"et_pb_blurb_container\"><h4 class=\"et_pb_module_header\">English for higher<\/h4><\/div><\/div><\/div>\n\n<div class=\"et_pb_blurb_5 et_pb_blurb et_pb_bg_layout_light et_pb_text_align_center et_pb_blurb_position_left et_animated et_pb_module et_block_module\"><div class=\"et_pb_blurb_content\"><div class=\"et_pb_main_blurb_image\"><span class=\"et_pb_image_wrap\"><span class=\"et-pb-icon\">\ue059<\/span><\/span><\/div><div class=\"et_pb_blurb_container\"><h4 class=\"et_pb_module_header\">Servicios de traducci\u00f3n<\/h4><\/div><\/div><\/div>\n\n<div class=\"et_pb_blurb_6 et_pb_blurb et_pb_bg_layout_light et_pb_text_align_center et_pb_blurb_position_left et_animated et_pb_module et_block_module\"><div class=\"et_pb_blurb_content\"><div class=\"et_pb_main_blurb_image\"><span class=\"et_pb_image_wrap\"><span class=\"et-pb-icon\">\ue066<\/span><\/span><\/div><div class=\"et_pb_blurb_container\"><h4 class=\"et_pb_module_header\">Servicios de interpretaci\u00f3n<\/h4><\/div><\/div><\/div>\n<\/div>\n\n<div class=\"et_pb_column_8 et_pb_column et_pb_column_2_3 et-last-child et_block_column et_pb_css_mix_blend_mode_passthrough\">\n<div class=\"et_pb_image_1 et_pb_image et_animated et_pb_module et_block_module\"><span class=\"et_pb_image_wrap\"><img decoding=\"async\" src=\"https:\/\/langcom.org\/wp-content\/uploads\/2026\/02\/Students-who-received-cambridge-certificate-for-lp-page.jpg\" title=\"Estudiantes-que-recibieron-el-certificado-cambridge-para-la-p\u00e1gina-lp\" \/><\/span><\/div>\n<\/div>\n<\/div>\n<div class=\"et_pb_bottom_inside_divider et-no-transition\"><\/div><\/div>\n\n<div class=\"et_pb_section_4 et_pb_section et_section_regular et_block_section et_animated\">\n<div class=\"et_pb_row_4 et_pb_row et_block_row et_animated\">\n<div class=\"et_pb_column_9 et_pb_column et_pb_column_1_2 et_block_column et_pb_css_mix_blend_mode_passthrough\">\n<div class=\"et_pb_image_2 et_pb_image et_animated et_pb_module et_block_module\"><span class=\"et_pb_image_wrap\"><img decoding=\"async\" src=\"https:\/\/langcom.org\/wp-content\/uploads\/2026\/02\/coding-isometric-09.png\" \/><\/span><\/div>\n<\/div>\n\n<div class=\"et_pb_column_10 et_pb_column et_pb_column_1_2 et-last-child et_block_column et_pb_css_mix_blend_mode_passthrough\">\n<div class=\"et_pb_text_10 et_pb_text et_pb_bg_layout_dark et_animated et_pb_module et_block_module\"><div class=\"et_pb_text_inner\"><h1>Clases de ingl\u00e9s y espa\u00f1ol de calidad, a su alcance<\/h1>\n<\/div><\/div>\n\n<div class=\"et_pb_text_11 et_pb_text et_pb_bg_layout_light et_animated et_pb_module et_block_module\"><div class=\"et_pb_text_inner\"><p><span>En Langcom creemos firmemente que conseguir resultados reales en el aprendizaje de idiomas, siguiendo los est\u00e1ndares internacionales, debe estar al alcance de todos, independientemente de su situaci\u00f3n econ\u00f3mica, y no s\u00f3lo para aquellos que puedan invertir grandes sumas de dinero.<\/span><\/p>\n<\/div><\/div>\n\n<div class=\"et_pb_module et_pb_button_module_wrapper et_pb_button_0_wrapper\"><a class=\"et_pb_button_0 et_pb_button et_pb_bg_layout_light et_animated et_pb_module et_block_module\" href=\"\/es\/\" target=\"_blank\">Nuestros cursos<\/a><\/div>\n<\/div>\n<\/div>\n<\/div>\n\n<div class=\"et_pb_section_5 et_pb_section et_section_regular et_block_section\">\n<div class=\"et_pb_row_5 et_pb_row et_block_row\">\n<div class=\"et_pb_column_11 et_pb_column et_pb_column_4_4 et-last-child et_block_column et_pb_css_mix_blend_mode_passthrough\">\n<div class=\"et_pb_text_12 et_pb_text et_pb_bg_layout_light et_pb_module et_block_module\"><div class=\"et_pb_text_inner\"><h2>Langcom, reconocido y premiado internacionalmente<\/h2>\n<\/div><\/div>\n\n<div class=\"et_pb_code_0 et_pb_code et_pb_module\"><\/div>\n<\/div>\n<\/div>\n\n<div class=\"et_pb_row_6 et_pb_row et_block_row three-col-tab\">\n<div class=\"et_pb_column_12 et_pb_column et_pb_column_1_3 et_block_column et_pb_css_mix_blend_mode_passthrough\">\n<div class=\"et_pb_text_13 et_pb_text et_pb_bg_layout_light et_pb_module et_block_module\"><div class=\"et_pb_text_inner\"><h3>Ganador nacional<\/h3>\n<\/div><\/div>\n\n<div class=\"et_pb_image_3 et_pb_image et_pb_image_sticky et_pb_module et_block_module\"><span class=\"et_pb_image_wrap\"><img decoding=\"async\" src=\"https:\/\/langcom.edu.pe\/wp-content\/uploads\/2025\/10\/desafio-triple-alianza.jpg\" title=\"desaf\u00edo triple alianza\" \/><\/span><\/div>\n<\/div>\n\n<div class=\"et_pb_column_13 et_pb_column et_pb_column_1_3 et_block_column et_pb_css_mix_blend_mode_passthrough\">\n<div class=\"et_pb_text_14 et_pb_text et_pb_bg_layout_light et_pb_module et_block_module\"><div class=\"et_pb_text_inner\"><h3>Respaldado por<\/h3>\n<\/div><\/div>\n\n<div class=\"et_pb_image_4 et_pb_image et_pb_module et_block_module\"><span class=\"et_pb_image_wrap\"><img decoding=\"async\" src=\"https:\/\/langcom.edu.pe\/wp-content\/uploads\/2025\/10\/uni-unmsm-unal-continental-muni-lima.jpg\" title=\"uni unmsm unal continental muni lima\" \/><\/span><\/div>\n<\/div>\n\n<div class=\"et_pb_column_14 et_pb_column et_pb_column_1_3 et-last-child et_block_column et_pb_css_mix_blend_mode_passthrough\">\n<div class=\"et_pb_text_15 et_pb_text et_pb_bg_layout_light et_pb_module et_block_module\"><div class=\"et_pb_text_inner\"><h3>Finalista nacional<\/h3>\n<\/div><\/div>\n\n<div class=\"et_pb_image_5 et_pb_image et_pb_image_sticky et_pb_module et_block_module\"><span class=\"et_pb_image_wrap\"><img decoding=\"async\" src=\"https:\/\/langcom.edu.pe\/wp-content\/uploads\/2025\/10\/langcom-finalista-pecap.jpg\" title=\"langcom finalista pecap\" \/><\/span><\/div>\n<\/div>\n<\/div>\n\n<div class=\"et_pb_row_7 et_pb_row et_block_row\">\n<div class=\"et_pb_column_15 et_pb_column et_pb_column_4_4 et-last-child et_block_column et_pb_css_mix_blend_mode_passthrough\">\n<div class=\"et_pb_text_16 et_pb_text et_pb_bg_layout_light et_pb_module et_block_module\"><div class=\"et_pb_text_inner\"><h3><span>Con la confianza internacional de<\/span><\/h3>\n<\/div><\/div>\n\n<div class=\"dsm_image_carousel_0 dsm_image_carousel dsm_image_carousel_horizontal dsm_image_carousel_pagi_placement_ dsm_image_carousel_arrow_outside et_pb_module\"><div class=\"et_pb_module_inner\"><div class=\"swiper-container dsm_image_carousel_container\" data-effect=\"default\"\n\t\t\tdata-slider-effect-shadows=\"true\"\n\t\t\tdata-slider-effect-coverflow-rotate=\"30\"\n\t\t\tdata-slider-effect-coverflow-depth=\"\"\n\t\t\tdata-loop=\"true\"\n\t\t\tdata-slide-to-show=\"7\"\n\t\t\tdata-slide-to-show-tablet=\"5\"\n\t\t\tdata-slide-to-show-phone=\"2\"\n\t\t\tdata-slide-to-scroll=\"2\"\n\t\t\tdata-slide-to-scroll-tablet=\"1\"\n\t\t\tdata-slide-to-scroll-phone=\"1\"\n\t\t\tdata-space-between=\"15\"\n\t\t\tdata-space-between-tablet=\"\"\n\t\t\tdata-space-between-phone=\"\"\n\t\t\tdata-slide-row=\"1\"\n\t\t\tdata-centered-slides=\"true\"\n\t\t\tdata-speed=\"300\"\n\t\t\tdata-autoplay=\"true\"\n\t\t\tdata-autoplay-speed=\"3000\"\n\t\t\tdata-touch-move=\"true\"\n\t\t\tdata-grab=\"true\"\n\t\t\tdata-pause-on-hover=\"true\"\n\t\t\tdata-show-lightbox=\"false\"\n\t\t\tdata-lightbox-gallery=\"false\"\n\t\t\tdata-lightbox-caption=\"false\"\n\t\t\tdata-infinite-scrolling=\"false\"\n\t\t\tdata-slide-row-tablet=\"\"\n\t\t\tdata-slide-row-phone=\"\"\n\t\t\tdata-autoplay-viewport=\"80%\t\t\tdata-mousewheel=\"false\"\t\t\tdata-lazyload=\"true\"\t\t\tdata-type=\"carousel\"\t\t\tdata-slideshow-effect=\"default\"\t\t\tdata-slideshow-to-show=\"4\"\t\t\tdata-slideshow-to-show-tablet=\"4\"\t\t\tdata-slideshow-to-show-phone=\"\"\t\t\tdata-slider-orientation=\"horizontal\"\t\t\t\t\t\tdata-lightbox-title=\"false\"\t\t\t\" dir=\"ltr\">\n\t\t\t   <div class=\"swiper-wrapper\"><div class=\"swiper-slide dsm_image_carousel_item\"><img decoding=\"async\" src=\"https:\/\/cdn.langcom.org\/wp-content\/uploads\/2025\/10\/05230530\/ministerio-pC3BAblico-logo.jpg\" title=\"ministerio-pC3BAblico-logo\"  \/> <\/div><div class=\"swiper-slide dsm_image_carousel_item\"><img decoding=\"async\" src=\"https:\/\/cdn.langcom.org\/wp-content\/uploads\/2025\/10\/05230531\/antamina-logo.jpg\" title=\"antamina-logo\"  \/> <\/div><div class=\"swiper-slide dsm_image_carousel_item\"><img decoding=\"async\" src=\"https:\/\/cdn.langcom.org\/wp-content\/uploads\/2025\/10\/05230529\/sgp-logo.jpg\" title=\"sgp-logo\"  \/> <\/div><div class=\"swiper-slide dsm_image_carousel_item\"><img decoding=\"async\" src=\"https:\/\/cdn.langcom.org\/wp-content\/uploads\/2025\/10\/05230530\/mincetur-logo.jpg\" title=\"mincetur-logo\"  \/> <\/div><div class=\"swiper-slide dsm_image_carousel_item\"><img decoding=\"async\" src=\"https:\/\/cdn.langcom.org\/wp-content\/uploads\/2026\/01\/26160302\/clinica-san-pablo-logo.jpg\" title=\"clinica-san-pablo-logo\"  \/> <\/div><div class=\"swiper-slide dsm_image_carousel_item\"><img decoding=\"async\" src=\"https:\/\/cdn.langcom.org\/wp-content\/uploads\/2025\/10\/05230529\/isep-huaraz-logo.jpg\" title=\"isep-huaraz-logo\"  \/> <\/div><div class=\"swiper-slide dsm_image_carousel_item\"><img decoding=\"async\" src=\"https:\/\/cdn.langcom.org\/wp-content\/uploads\/2025\/10\/05230530\/isep-iaro-logo.jpg\" title=\"isep-iaro-logo\"  \/> <\/div><div class=\"swiper-slide dsm_image_carousel_item\"><img decoding=\"async\" src=\"https:\/\/cdn.langcom.org\/wp-content\/uploads\/2025\/10\/05230531\/coar-logo-peru.jpg\" title=\"coar-logo-peru\"  \/> <\/div><div class=\"swiper-slide dsm_image_carousel_item\"><img decoding=\"async\" src=\"https:\/\/cdn.langcom.org\/wp-content\/uploads\/2025\/10\/05230531\/clinica-san-pablo-logo.jpg\" title=\"clinica-san-pablo-logo\"  \/> <\/div><div class=\"swiper-slide dsm_image_carousel_item\"><img decoding=\"async\" src=\"https:\/\/cdn.langcom.org\/wp-content\/uploads\/2025\/10\/05230529\/cai-logo.jpg\" title=\"cai-logo\"  \/> <\/div><\/div>\n\t\t\t<\/div>\n\t\t\t\n\t\t\t\n\t\t\t\n\t\t\t<\/div><\/div>\n<\/div>\n<\/div>\n<\/div>","protected":false},"excerpt":{"rendered":"","protected":false},"author":1,"featured_media":0,"parent":0,"menu_order":0,"comment_status":"closed","ping_status":"closed","template":"","meta":{"_et_pb_use_builder":"on","_et_pb_old_content":"","_et_gb_content_width":"","footnotes":""},"class_list":["post-269469","page","type-page","status-publish","hentry"],"dsm_author":{"name":"Langcom","avatar_url":"https:\/\/cdn.langcom.org\/wp-content\/uploads\/2025\/12\/05230615\/f4c77aa8636c7ecc097ed82d6a81f5c0.png","archive_link":"https:\/\/www.langcom.org\/es\/author\/langcom\/","biodata":""},"dsm_categories":[],"dsm_attachment_categories":[],"dsm_featured_image":null,"_links":{"self":[{"href":"https:\/\/www.langcom.org\/es\/wp-json\/wp\/v2\/pages\/269469","targetHints":{"allow":["GET"]}}],"collection":[{"href":"https:\/\/www.langcom.org\/es\/wp-json\/wp\/v2\/pages"}],"about":[{"href":"https:\/\/www.langcom.org\/es\/wp-json\/wp\/v2\/types\/page"}],"author":[{"embeddable":true,"href":"https:\/\/www.langcom.org\/es\/wp-json\/wp\/v2\/users\/1"}],"replies":[{"embeddable":true,"href":"https:\/\/www.langcom.org\/es\/wp-json\/wp\/v2\/comments?post=269469"}],"version-history":[{"count":0,"href":"https:\/\/www.langcom.org\/es\/wp-json\/wp\/v2\/pages\/269469\/revisions"}],"wp:attachment":[{"href":"https:\/\/www.langcom.org\/es\/wp-json\/wp\/v2\/media?parent=269469"}],"curies":[{"name":"wp","href":"https:\/\/api.w.org\/{rel}","templated":true}]}}